{"id":3662,"date":"2022-09-19T10:18:11","date_gmt":"2022-09-19T10:18:11","guid":{"rendered":"https:\/\/wecup.it\/cart\/"},"modified":"2022-10-11T08:34:18","modified_gmt":"2022-10-11T08:34:18","slug":"cart","status":"publish","type":"page","link":"https:\/\/wecup.it\/en\/cart\/","title":{"rendered":"Cart"},"content":{"rendered":"\t\t<div data-elementor-type=\"wp-page\" data-elementor-id=\"3662\" class=\"elementor elementor-3662 elementor-2747\" data-elementor-post-type=\"page\">\n\t\t\t\t\t\t<section class=\"elementor-section elementor-top-section elementor-element elementor-element-184d6ed5 elementor-section-boxed elementor-section-height-default elementor-section-height-default\" data-id=\"184d6ed5\" data-element_type=\"section\" data-settings=\"{&quot;jet_parallax_layout_list&quot;:[],&quot;_ha_eqh_enable&quot;:false}\">\n\t\t\t\t\t\t<div class=\"elementor-container elementor-column-gap-default\">\n\t\t\t\t\t<div class=\"elementor-column elementor-col-100 elementor-top-column elementor-element elementor-element-4ea26401\" data-id=\"4ea26401\" data-element_type=\"column\">\n\t\t\t<div class=\"elementor-widget-wrap elementor-element-populated\">\n\t\t\t\t\t\t<div class=\"elementor-element elementor-element-6661166 e-cart-layout-two-column elementor-widget elementor-widget-woocommerce-cart\" data-id=\"6661166\" data-element_type=\"widget\" data-settings=\"{&quot;update_cart_automatically&quot;:&quot;yes&quot;}\" data-widget_type=\"woocommerce-cart.default\">\n\t\t\t\t<div class=\"elementor-widget-container\">\n\t\t\t<div class=\"woocommerce\">\t<p class=\"return-to-shop\">\n\t\t<a class=\"button wc-backward wp-element-button\" href=\"https:\/\/wecup.it\/en\/shop\/\">\n\t\t\tReturn to shop\t\t<\/a>\n\t<\/p>\n<\/div>\t\t<\/div>\n\t\t\t\t<\/div>\n\t\t\t\t\t<\/div>\n\t\t<\/div>\n\t\t\t\t\t<\/div>\n\t\t<\/section>\n\t\t\t\t<\/div>\n\t\t","protected":false},"excerpt":{"rendered":"<p>Rimuovi articolo Miniatura immagine Prodotto Prezzo Quantit\u00e0 Subtotale &times; American 10,00&nbsp;&euro; American quantit\u00e0 10,00&nbsp;&euro; &times; Hot &amp; Spicy 10,00&nbsp;&euro; Hot &amp; Spicy quantit\u00e0 10,00&nbsp;&euro; &times; Indian 10,00&nbsp;&euro; Indian quantit\u00e0 10,00&nbsp;&euro; Applica coupon Totale Carrello Subtotale 30,00&nbsp;&euro; Spedizione Spedizione gratuita Spedizione a BARI. Modifica indirizzo Paese\/regione: Seleziona un Paese\/una regione\u2026AfghanistanAlbaniaAlgeriaAmerican SamoaAndorraAngolaAnguillaAntartideAntigua e BarbudaArabia SauditaArgentinaArmeniaArubaAustraliaAustriaAzerbaijanBahamasBahrainBangladeshBarbadosBelauBelgioBelizeBeninBermudaBhutanBielorussiaBirmaniaBoliviaBonaire, Saint Eustatius [&hellip;]<\/p>\n","protected":false},"author":1,"featured_media":0,"parent":0,"menu_order":0,"comment_status":"closed","ping_status":"closed","template":"","meta":{"footnotes":""},"class_list":["post-3662","page","type-page","status-publish","hentry"],"_links":{"self":[{"href":"https:\/\/wecup.it\/en\/wp-json\/wp\/v2\/pages\/3662","targetHints":{"allow":["GET"]}}],"collection":[{"href":"https:\/\/wecup.it\/en\/wp-json\/wp\/v2\/pages"}],"about":[{"href":"https:\/\/wecup.it\/en\/wp-json\/wp\/v2\/types\/page"}],"author":[{"embeddable":true,"href":"https:\/\/wecup.it\/en\/wp-json\/wp\/v2\/users\/1"}],"replies":[{"embeddable":true,"href":"https:\/\/wecup.it\/en\/wp-json\/wp\/v2\/comments?post=3662"}],"version-history":[{"count":0,"href":"https:\/\/wecup.it\/en\/wp-json\/wp\/v2\/pages\/3662\/revisions"}],"wp:attachment":[{"href":"https:\/\/wecup.it\/en\/wp-json\/wp\/v2\/media?parent=3662"}],"curies":[{"name":"wp","href":"https:\/\/api.w.org\/{rel}","templated":true}]}}